{"id":1527,"date":"2020-06-14T15:00:18","date_gmt":"2020-06-14T18:00:18","guid":{"rendered":"https:\/\/flyconnect.com.br\/?page_id=1527"},"modified":"2020-06-14T23:03:14","modified_gmt":"2020-06-15T02:03:14","slug":"doacao-concluida","status":"publish","type":"page","link":"https:\/\/flyconnect.com.br\/en\/doacao-concluida\/","title":{"rendered":"doacao-concluida"},"content":{"rendered":"<div data-elementor-type=\"wp-page\" data-elementor-id=\"1527\" class=\"elementor elementor-1527\">\n\t\t\t\t\t\t<section class=\"elementor-section elementor-top-section elementor-element elementor-element-5b73d53 elementor-section-boxed elementor-section-height-default elementor-section-height-default\" data-id=\"5b73d53\" data-element_type=\"section\">\n\t\t\t\t\t\t<div class=\"elementor-container elementor-column-gap-default\">\n\t\t\t\t\t<div class=\"elementor-column elementor-col-100 elementor-top-column elementor-element elementor-element-2d7fabc\" data-id=\"2d7fabc\" data-element_type=\"column\">\n\t\t\t<div class=\"elementor-widget-wrap elementor-element-populated\">\n\t\t\t\t\t\t<div class=\"elementor-element elementor-element-237b093 elementor-widget elementor-widget-heading\" data-id=\"237b093\" data-element_type=\"widget\" data-widget_type=\"heading.default\">\n\t\t\t\t<div class=\"elementor-widget-container\">\n\t\t\t\t\t<h2 class=\"elementor-heading-title elementor-size-default\">Doa\u00e7\u00e3o conclu\u00edda com sucesso<\/h2>\t\t\t\t<\/div>\n\t\t\t\t<\/div>\n\t\t\t\t<div class=\"elementor-element elementor-element-3e1dd14 elementor-widget-divider--view-line_icon elementor-view-default elementor-widget-divider--element-align-center elementor-widget elementor-widget-divider\" data-id=\"3e1dd14\" data-element_type=\"widget\" data-widget_type=\"divider.default\">\n\t\t\t\t<div class=\"elementor-widget-container\">\n\t\t\t\t\t\t\t<div class=\"elementor-divider\">\n\t\t\t<span class=\"elementor-divider-separator\">\n\t\t\t\t\t\t\t<div class=\"elementor-icon elementor-divider__element\">\n\t\t\t\t\t<i aria-hidden=\"true\" class=\"fas fa-money-check-alt\"><\/i><\/div>\n\t\t\t\t\t\t<\/span>\n\t\t<\/div>\n\t\t\t\t\t\t<\/div>\n\t\t\t\t<\/div>\n\t\t\t\t<div class=\"elementor-element elementor-element-7c5e664 elementor-view-default elementor-position-block-start elementor-mobile-position-block-start elementor-widget elementor-widget-icon-box\" data-id=\"7c5e664\" data-element_type=\"widget\" data-widget_type=\"icon-box.default\">\n\t\t\t\t<div class=\"elementor-widget-container\">\n\t\t\t\t\t\t\t<div class=\"elementor-icon-box-wrapper\">\n\n\t\t\t\t\t\t<div class=\"elementor-icon-box-icon\">\n\t\t\t\t<span  class=\"elementor-icon\">\n\t\t\t\t<i aria-hidden=\"true\" class=\"icon icon-money-bag1\"><\/i>\t\t\t\t<\/span>\n\t\t\t<\/div>\n\t\t\t\n\t\t\t\t\t\t<div class=\"elementor-icon-box-content\">\n\n\t\t\t\t\t\t\t\t\t<h3 class=\"elementor-icon-box-title\">\n\t\t\t\t\t\t<span  >\n\t\t\t\t\t\t\tVOC\u00ca ACABOU DE DOAR PARA CONNECT\t\t\t\t\t\t<\/span>\n\t\t\t\t\t<\/h3>\n\t\t\t\t\n\t\t\t\t\n\t\t\t<\/div>\n\t\t\t\n\t\t<\/div>\n\t\t\t\t\t\t<\/div>\n\t\t\t\t<\/div>\n\t\t\t\t<div class=\"elementor-element elementor-element-edbee44 elementor-widget elementor-widget-text-editor\" data-id=\"edbee44\" data-element_type=\"widget\" data-widget_type=\"text-editor.default\">\n\t\t\t\t<div class=\"elementor-widget-container\">\n\t\t\t\t\t\t\t\t\t<p>Apoiadores Connect tem direito a <strong>Award<\/strong> de apoiador e a usar nossa <strong>Navigraph<\/strong> , abaixo voc\u00ea vai receber o login e senha para uso do programa <strong>Charts<\/strong> e <strong>FMC Data User<\/strong>.<\/p><p>Vamos Deixar algumas dicas a seguir.<\/p>\t\t\t\t\t\t\t\t<\/div>\n\t\t\t\t<\/div>\n\t\t\t\t<div class=\"elementor-element elementor-element-148d0df elementor-icon-list--layout-traditional elementor-list-item-link-full_width elementor-widget elementor-widget-icon-list\" data-id=\"148d0df\" data-element_type=\"widget\" data-widget_type=\"icon-list.default\">\n\t\t\t\t<div class=\"elementor-widget-container\">\n\t\t\t\t\t\t\t<ul class=\"elementor-icon-list-items\">\n\t\t\t\t\t\t\t<li class=\"elementor-icon-list-item\">\n\t\t\t\t\t\t\t\t\t\t\t<span class=\"elementor-icon-list-icon\">\n\t\t\t\t\t\t\t<i aria-hidden=\"true\" class=\"fas fa-circle\"><\/i>\t\t\t\t\t\t<\/span>\n\t\t\t\t\t\t\t\t\t\t<span class=\"elementor-icon-list-text\">Entre no seu simbrief e vai at\u00e9 \"MY ACCOUNT\" &gt; \"AIRAC Cycles\" &gt; \"Navigraph Account\" e fa\u00e7a o login<\/span>\n\t\t\t\t\t\t\t\t\t<\/li>\n\t\t\t\t\t\t\t\t<li class=\"elementor-icon-list-item\">\n\t\t\t\t\t\t\t\t\t\t\t<span class=\"elementor-icon-list-icon\">\n\t\t\t\t\t\t\t<i aria-hidden=\"true\" class=\"fas fa-circle\"><\/i>\t\t\t\t\t\t<\/span>\n\t\t\t\t\t\t\t\t\t\t<span class=\"elementor-icon-list-text\">Para usu\u00e1rios do X-Plane 11 baixem o plugin \"Avitab\" e realize o login em \"Navigraph\"  para ter acesso a todas cartas <\/span>\n\t\t\t\t\t\t\t\t\t<\/li>\n\t\t\t\t\t\t<\/ul>\n\t\t\t\t\t\t<\/div>\n\t\t\t\t<\/div>\n\t\t\t\t<div class=\"elementor-element elementor-element-c8e431c elementor-widget elementor-widget-flip-box\" data-id=\"c8e431c\" data-element_type=\"widget\" data-widget_type=\"flip-box.default\">\n\t\t\t\t<div class=\"elementor-widget-container\">\n\t\t\t\t\t \t\t\t\t<\/div>\n\t\t\t\t<\/div>\n\t\t\t\t\t<\/div>\n\t\t<\/div>\n\t\t\t\t\t<\/div>\n\t\t<\/section>\n\t\t\t\t<section class=\"elementor-section elementor-top-section elementor-element elementor-element-c00e7ff elementor-section-boxed elementor-section-height-default elementor-section-height-default\" data-id=\"c00e7ff\" data-element_type=\"section\">\n\t\t\t\t\t\t<div class=\"elementor-container elementor-column-gap-default\">\n\t\t\t\t\t<div class=\"elementor-column elementor-col-50 elementor-top-column elementor-element elementor-element-d2cf7ce\" data-id=\"d2cf7ce\" data-element_type=\"column\">\n\t\t\t<div class=\"elementor-widget-wrap elementor-element-populated\">\n\t\t\t\t\t\t<div class=\"elementor-element elementor-element-33df6e3 elementor-position-top elementor-widget elementor-widget-image-box\" data-id=\"33df6e3\" data-element_type=\"widget\" data-widget_type=\"image-box.default\">\n\t\t\t\t<div class=\"elementor-widget-container\">\n\t\t\t\t\t<div class=\"elementor-image-box-wrapper\"><figure class=\"elementor-image-box-img\"><a href=\"https:\/\/navigraph.com\" tabindex=\"-1\"><img fetchpriority=\"high\" decoding=\"async\" width=\"600\" height=\"600\" src=\"https:\/\/flyconnect.com.br\/wp-content\/uploads\/2020\/06\/buppe-square.png\" class=\"attachment-full size-full wp-image-1541\" alt=\"\" srcset=\"https:\/\/flyconnect.com.br\/wp-content\/uploads\/2020\/06\/buppe-square.png 600w, https:\/\/flyconnect.com.br\/wp-content\/uploads\/2020\/06\/buppe-square-300x300.png 300w, https:\/\/flyconnect.com.br\/wp-content\/uploads\/2020\/06\/buppe-square-150x150.png 150w\" sizes=\"(max-width: 600px) 100vw, 600px\" \/><\/a><\/figure><div class=\"elementor-image-box-content\"><h3 class=\"elementor-image-box-title\"><a href=\"https:\/\/navigraph.com\">Navigraph <\/a><\/h3><p class=\"elementor-image-box-description\">Voc\u00ea poder\u00e1 utilizar o navigraph com as seguintes entradas.\n<br><b>Usu\u00e1rio:<\/b> navigraphsimul<br><b>Senha:<\/b> Solicitar a um staff<\/p><\/div><\/div>\t\t\t\t<\/div>\n\t\t\t\t<\/div>\n\t\t\t\t<div class=\"elementor-element elementor-element-f584dbe elementor-alert-danger elementor-widget elementor-widget-alert\" data-id=\"f584dbe\" data-element_type=\"widget\" data-widget_type=\"alert.default\">\n\t\t\t\t<div class=\"elementor-widget-container\">\n\t\t\t\t\t\t\t<div class=\"elementor-alert\" role=\"alert\">\n\n\t\t\t\t\t\t<span class=\"elementor-alert-title\">This is an Alert!<\/span>\n\t\t\t\n\t\t\t\t\t\t<span class=\"elementor-alert-description\">Voc\u00ea n\u00e3o pode alterar ou trocar a senha fornecida acima!<\/span>\n\t\t\t\n\t\t\t\t\t\t<button type=\"button\" class=\"elementor-alert-dismiss\" aria-label=\"Dispensar este alerta.\">\n\t\t\t\t\t\t\t\t\t<span aria-hidden=\"true\">&times;<\/span>\n\t\t\t\t\t\t\t<\/button>\n\t\t\t\n\t\t<\/div>\n\t\t\t\t\t\t<\/div>\n\t\t\t\t<\/div>\n\t\t\t\t\t<\/div>\n\t\t<\/div>\n\t\t\t\t<div class=\"elementor-column elementor-col-50 elementor-top-column elementor-element elementor-element-fd2cf49\" data-id=\"fd2cf49\" data-element_type=\"column\">\n\t\t\t<div class=\"elementor-widget-wrap elementor-element-populated\">\n\t\t\t\t\t\t<div class=\"elementor-element elementor-element-e0883ef elementor-position-top elementor-widget elementor-widget-image-box\" data-id=\"e0883ef\" data-element_type=\"widget\" data-widget_type=\"image-box.default\">\n\t\t\t\t<div class=\"elementor-widget-container\">\n\t\t\t\t\t<div class=\"elementor-image-box-wrapper\"><figure class=\"elementor-image-box-img\"><img decoding=\"async\" width=\"200\" height=\"206\" src=\"https:\/\/flyconnect.com.br\/wp-content\/uploads\/2020\/06\/Apoiadores-Connect.jpg\" class=\"attachment-full size-full wp-image-1542\" alt=\"\" \/><\/figure><div class=\"elementor-image-box-content\"><h3 class=\"elementor-image-box-title\">Award Doador<\/h3><p class=\"elementor-image-box-description\">Voc\u00ea pode solicitar a award no discord ou whatsapp com o Presidente <b>Cezar Lobato<\/b>, d\u00favidas chame um de nossos Staff's<\/p><\/div><\/div>\t\t\t\t<\/div>\n\t\t\t\t<\/div>\n\t\t\t\t\t<\/div>\n\t\t<\/div>\n\t\t\t\t\t<\/div>\n\t\t<\/section>\n\t\t\t\t<\/div>","protected":false},"excerpt":{"rendered":"<p>Doa\u00e7\u00e3o conclu\u00edda com sucesso VOC\u00ca ACABOU DE DOAR PARA CONNECT Apoiadores Connect tem direito a Award de apoiador e a usar nossa Navigraph , abaixo voc\u00ea vai receber o login e senha para uso do programa Charts e FMC Data User. Vamos Deixar algumas dicas a seguir. Entre no seu simbrief e vai at\u00e9 &#8220;MY&hellip;&nbsp;<a href=\"https:\/\/flyconnect.com.br\/en\/doacao-concluida\/\" rel=\"bookmark\">Read More &raquo;<span class=\"screen-reader-text\">doacao-concluida<\/span><\/a><\/p>","protected":false},"author":1,"featured_media":0,"parent":0,"menu_order":0,"comment_status":"closed","ping_status":"closed","template":"page-templates\/template-pagebuilder-full-width.php","meta":{"neve_meta_sidebar":"full-width","neve_meta_container":"","neve_meta_enable_content_width":"on","neve_meta_content_width":100,"neve_meta_title_alignment":"","neve_meta_author_avatar":"","neve_post_elements_order":"","neve_meta_disable_header":"on","neve_meta_disable_footer":"on","neve_meta_disable_title":"","footnotes":""},"class_list":["post-1527","page","type-page","status-publish","hentry"],"_links":{"self":[{"href":"https:\/\/flyconnect.com.br\/en\/wp-json\/wp\/v2\/pages\/1527","targetHints":{"allow":["GET"]}}],"collection":[{"href":"https:\/\/flyconnect.com.br\/en\/wp-json\/wp\/v2\/pages"}],"about":[{"href":"https:\/\/flyconnect.com.br\/en\/wp-json\/wp\/v2\/types\/page"}],"author":[{"embeddable":true,"href":"https:\/\/flyconnect.com.br\/en\/wp-json\/wp\/v2\/users\/1"}],"replies":[{"embeddable":true,"href":"https:\/\/flyconnect.com.br\/en\/wp-json\/wp\/v2\/comments?post=1527"}],"version-history":[{"count":41,"href":"https:\/\/flyconnect.com.br\/en\/wp-json\/wp\/v2\/pages\/1527\/revisions"}],"predecessor-version":[{"id":1637,"href":"https:\/\/flyconnect.com.br\/en\/wp-json\/wp\/v2\/pages\/1527\/revisions\/1637"}],"wp:attachment":[{"href":"https:\/\/flyconnect.com.br\/en\/wp-json\/wp\/v2\/media?parent=1527"}],"curies":[{"name":"wp","href":"https:\/\/api.w.org\/{rel}","templated":true}]}}