{"id":2177,"date":"2021-11-04T19:12:41","date_gmt":"2021-11-04T22:12:41","guid":{"rendered":"https:\/\/flyconnect.com.br\/?page_id=2177"},"modified":"2022-06-25T19:13:11","modified_gmt":"2022-06-25T22:13:11","slug":"fretamento-de-aeronaves","status":"publish","type":"page","link":"https:\/\/flyconnect.com.br\/en\/fretamento-de-aeronaves\/","title":{"rendered":"Fretamento de Aeronaves"},"content":{"rendered":"<div data-elementor-type=\"wp-page\" data-elementor-id=\"2177\" class=\"elementor elementor-2177\">\n\t\t\t\t\t\t<section class=\"elementor-section elementor-top-section elementor-element elementor-element-1079c19 elementor-section-boxed elementor-section-height-default elementor-section-height-default\" data-id=\"1079c19\" data-element_type=\"section\" data-settings=\"{&quot;background_background&quot;:&quot;classic&quot;,&quot;shape_divider_bottom&quot;:&quot;tilt&quot;}\">\n\t\t\t\t\t\t\t<div class=\"elementor-background-overlay\"><\/div>\n\t\t\t\t\t\t<div class=\"elementor-shape elementor-shape-bottom\" aria-hidden=\"true\" data-negative=\"false\">\n\t\t\t<svg xmlns=\"http:\/\/www.w3.org\/2000\/svg\" viewbox=\"0 0 1000 100\" preserveaspectratio=\"none\">\n\t<path class=\"elementor-shape-fill\" d=\"M0,6V0h1000v100L0,6z\"\/>\n<\/svg>\t\t<\/div>\n\t\t\t\t\t<div class=\"elementor-container elementor-column-gap-default\">\n\t\t\t\t\t<div class=\"elementor-column elementor-col-100 elementor-top-column elementor-element elementor-element-93cc118\" data-id=\"93cc118\" data-element_type=\"column\">\n\t\t\t<div class=\"elementor-widget-wrap elementor-element-populated\">\n\t\t\t\t\t\t<div class=\"elementor-element elementor-element-ed3b251 elementor-widget elementor-widget-heading\" data-id=\"ed3b251\" data-element_type=\"widget\" data-widget_type=\"heading.default\">\n\t\t\t\t<div class=\"elementor-widget-container\">\n\t\t\t\t\t<h1 class=\"elementor-heading-title elementor-size-default\">CENTRO DE FRETAMENTO DE AERONAVES<\/h1>\t\t\t\t<\/div>\n\t\t\t\t<\/div>\n\t\t\t\t<div class=\"elementor-element elementor-element-2354cb5 elementor-widget-divider--view-line_icon elementor-view-default elementor-widget-divider--element-align-center elementor-widget elementor-widget-divider\" data-id=\"2354cb5\" data-element_type=\"widget\" data-widget_type=\"divider.default\">\n\t\t\t\t<div class=\"elementor-widget-container\">\n\t\t\t\t\t\t\t<div class=\"elementor-divider\">\n\t\t\t<span class=\"elementor-divider-separator\">\n\t\t\t\t\t\t\t<div class=\"elementor-icon elementor-divider__element\">\n\t\t\t\t\t<i aria-hidden=\"true\" class=\"fas fa-plane\"><\/i><\/div>\n\t\t\t\t\t\t<\/span>\n\t\t<\/div>\n\t\t\t\t\t\t<\/div>\n\t\t\t\t<\/div>\n\t\t\t\t\t<\/div>\n\t\t<\/div>\n\t\t\t\t\t<\/div>\n\t\t<\/section>\n\t\t\t\t<section class=\"elementor-section elementor-top-section elementor-element elementor-element-e9321bc elementor-section-boxed elementor-section-height-default elementor-section-height-default\" data-id=\"e9321bc\" data-element_type=\"section\">\n\t\t\t\t\t\t<div class=\"elementor-container elementor-column-gap-default\">\n\t\t\t\t\t<div class=\"elementor-column elementor-col-100 elementor-top-column elementor-element elementor-element-cdb8613\" data-id=\"cdb8613\" data-element_type=\"column\">\n\t\t\t<div class=\"elementor-widget-wrap elementor-element-populated\">\n\t\t\t\t\t\t<div class=\"elementor-element elementor-element-63e00a8 elementor-widget elementor-widget-heading\" data-id=\"63e00a8\" data-element_type=\"widget\" data-widget_type=\"heading.default\">\n\t\t\t\t<div class=\"elementor-widget-container\">\n\t\t\t\t\t<h3 class=\"elementor-heading-title elementor-size-default\">FRETAMENTO DE AERONAVES (em breve)<\/h3>\t\t\t\t<\/div>\n\t\t\t\t<\/div>\n\t\t\t\t<div class=\"elementor-element elementor-element-363a713 elementor-widget elementor-widget-text-editor\" data-id=\"363a713\" data-element_type=\"widget\" data-widget_type=\"text-editor.default\">\n\t\t\t\t<div class=\"elementor-widget-container\">\n\t\t\t\t\t\t\t\t\t<p>Esta \u00e9 a sala de fretamento da Connect Cargo Virtual. Aqui voc\u00ea pode fretar a aeronave que desejar para voar numa rota programada de sua escolha, com a aeronave de sua escolha.\u00a0<\/p><p>Como funciona a Sala de Fretamento?<\/p><p>Voc\u00ea vai coletar as especifica\u00e7\u00f5es gerais da aeronave escolhida (como peso m\u00e1ximo de decolagem, peso vazio, peso zero combust\u00edvel, velocidade de cruzeiro e etc.) e inserir nos campos quando solicitado.<\/p><p>Feito isso, \u00e9 hora de inserir as informa\u00e7\u00f5es da rota escolhida, como aeroporto de sa\u00edda, chegada, alternativa, dist\u00e2ncia em milhas e etc.<\/p><p>Ap\u00f3s isso, \u00e9 s\u00f3 clicar em enviar, e o sistema enviar\u00e1 os dados para an\u00e1lise do Staff. Caso tenha dinheiro em conta o suficiente, ser\u00e1 feito o desconto desse valor de sua conta e sua rota ser\u00e1 disponibilizada para voo.<\/p><p>\u00a0<\/p><p>Base de c\u00e1lculo para custo de fretamento:<\/p><p>Aeronave de esteira leve: $90 por milha n\u00e1utica<\/p><p>Aeronave de esteira m\u00e9dia: $230 por milha n\u00e1utica<\/p><p>Aeronave de esteira pesada: $300 por milha n\u00e1utica<\/p><p>\u00a0<\/p><p><span style=\"background-color: var(--nv-site-bg); color: var(--nv-text-color); font-family: Poppins, var(--nv-fallback-ff);\">Atenciosamente equipe <\/span><strong style=\"background-color: var(--nv-site-bg); color: var(--nv-text-color); font-family: Poppins, var(--nv-fallback-ff);\">Connect Linhas A\u00e9reas Virtual<\/strong><\/p>\t\t\t\t\t\t\t\t<\/div>\n\t\t\t\t<\/div>\n\t\t\t\t\t<\/div>\n\t\t<\/div>\n\t\t\t\t\t<\/div>\n\t\t<\/section>\n\t\t\t\t<section class=\"elementor-section elementor-top-section elementor-element elementor-element-31652ad elementor-section-boxed elementor-section-height-default elementor-section-height-default\" data-id=\"31652ad\" data-element_type=\"section\">\n\t\t\t\t\t\t<div class=\"elementor-container elementor-column-gap-default\">\n\t\t\t\t\t<div class=\"elementor-column elementor-col-100 elementor-top-column elementor-element elementor-element-d3028c9\" data-id=\"d3028c9\" data-element_type=\"column\">\n\t\t\t<div class=\"elementor-widget-wrap elementor-element-populated\">\n\t\t\t\t\t\t<div class=\"elementor-element elementor-element-2f50699 elementor-icon-list--layout-traditional elementor-list-item-link-full_width elementor-widget elementor-widget-icon-list\" data-id=\"2f50699\" data-element_type=\"widget\" data-widget_type=\"icon-list.default\">\n\t\t\t\t<div class=\"elementor-widget-container\">\n\t\t\t\t\t\t\t<ul class=\"elementor-icon-list-items\">\n\t\t\t\t\t\t\t<li class=\"elementor-icon-list-item\">\n\t\t\t\t\t\t\t\t\t\t\t<a href=\"https:\/\/beta.flyconnect.com.br\/index.php\">\n\n\t\t\t\t\t\t\t\t\t\t\t\t<span class=\"elementor-icon-list-icon\">\n\t\t\t\t\t\t\t<i aria-hidden=\"true\" class=\"icon icon-return\"><\/i>\t\t\t\t\t\t<\/span>\n\t\t\t\t\t\t\t\t\t\t<span class=\"elementor-icon-list-text\">Voltar para o DOV<\/span>\n\t\t\t\t\t\t\t\t\t\t\t<\/a>\n\t\t\t\t\t\t\t\t\t<\/li>\n\t\t\t\t\t\t<\/ul>\n\t\t\t\t\t\t<\/div>\n\t\t\t\t<\/div>\n\t\t\t\t\t<\/div>\n\t\t<\/div>\n\t\t\t\t\t<\/div>\n\t\t<\/section>\n\t\t\t\t<\/div>","protected":false},"excerpt":{"rendered":"<p>CENTRO DE FRETAMENTO DE AERONAVES FRETAMENTO DE AERONAVES (em breve) Esta \u00e9 a sala de fretamento da Connect Cargo Virtual. Aqui voc\u00ea pode fretar a aeronave que desejar para voar numa rota programada de sua escolha, com a aeronave de sua escolha.\u00a0 Como funciona a Sala de Fretamento? Voc\u00ea vai coletar as especifica\u00e7\u00f5es gerais da&hellip;&nbsp;<a href=\"https:\/\/flyconnect.com.br\/en\/fretamento-de-aeronaves\/\" rel=\"bookmark\">Read More &raquo;<span class=\"screen-reader-text\">Fretamento de Aeronaves<\/span><\/a><\/p>","protected":false},"author":1,"featured_media":0,"parent":0,"menu_order":0,"comment_status":"closed","ping_status":"closed","template":"elementor_canvas","meta":{"neve_meta_sidebar":"full-width","neve_meta_container":"","neve_meta_enable_content_width":"on","neve_meta_content_width":100,"neve_meta_title_alignment":"","neve_meta_author_avatar":"","neve_post_elements_order":"","neve_meta_disable_header":"","neve_meta_disable_footer":"","neve_meta_disable_title":"","footnotes":""},"class_list":["post-2177","page","type-page","status-publish","hentry"],"_links":{"self":[{"href":"https:\/\/flyconnect.com.br\/en\/wp-json\/wp\/v2\/pages\/2177","targetHints":{"allow":["GET"]}}],"collection":[{"href":"https:\/\/flyconnect.com.br\/en\/wp-json\/wp\/v2\/pages"}],"about":[{"href":"https:\/\/flyconnect.com.br\/en\/wp-json\/wp\/v2\/types\/page"}],"author":[{"embeddable":true,"href":"https:\/\/flyconnect.com.br\/en\/wp-json\/wp\/v2\/users\/1"}],"replies":[{"embeddable":true,"href":"https:\/\/flyconnect.com.br\/en\/wp-json\/wp\/v2\/comments?post=2177"}],"version-history":[{"count":61,"href":"https:\/\/flyconnect.com.br\/en\/wp-json\/wp\/v2\/pages\/2177\/revisions"}],"predecessor-version":[{"id":2378,"href":"https:\/\/flyconnect.com.br\/en\/wp-json\/wp\/v2\/pages\/2177\/revisions\/2378"}],"wp:attachment":[{"href":"https:\/\/flyconnect.com.br\/en\/wp-json\/wp\/v2\/media?parent=2177"}],"curies":[{"name":"wp","href":"https:\/\/api.w.org\/{rel}","templated":true}]}}