{"id":3,"date":"2020-05-21T01:32:10","date_gmt":"2020-05-21T04:32:10","guid":{"rendered":"https:\/\/flyconnect.com.br\/?page_id=3"},"modified":"2020-07-26T12:41:11","modified_gmt":"2020-07-26T15:41:11","slug":"politicas-de-privacidade","status":"publish","type":"page","link":"https:\/\/flyconnect.com.br\/en\/politicas-de-privacidade\/","title":{"rendered":"Politicas de Privacidade"},"content":{"rendered":"<div data-elementor-type=\"wp-page\" data-elementor-id=\"3\" class=\"elementor elementor-3\">\n\t\t\t\t\t\t<section class=\"elementor-section elementor-top-section elementor-element elementor-element-2dbe3e3 elementor-section-stretched elementor-section-full_width elementor-section-height-min-height elementor-section-height-default elementor-section-items-middle\" data-id=\"2dbe3e3\" data-element_type=\"section\" data-settings=\"{&quot;stretch_section&quot;:&quot;section-stretched&quot;,&quot;background_background&quot;:&quot;classic&quot;}\">\n\t\t\t\t\t\t\t<div class=\"elementor-background-overlay\"><\/div>\n\t\t\t\t\t\t\t<div class=\"elementor-container elementor-column-gap-default\">\n\t\t\t\t\t<div class=\"elementor-column elementor-col-100 elementor-top-column elementor-element elementor-element-c2f5a29\" data-id=\"c2f5a29\" data-element_type=\"column\">\n\t\t\t<div class=\"elementor-widget-wrap elementor-element-populated\">\n\t\t\t\t\t\t<div class=\"elementor-element elementor-element-7494107 elementor-view-default elementor-widget elementor-widget-icon\" data-id=\"7494107\" data-element_type=\"widget\" data-widget_type=\"icon.default\">\n\t\t\t\t<div class=\"elementor-widget-container\">\n\t\t\t\t\t\t\t<div class=\"elementor-icon-wrapper\">\n\t\t\t<div class=\"elementor-icon\">\n\t\t\t<i aria-hidden=\"true\" class=\"icon icon-protected-content-v3\"><\/i>\t\t\t<\/div>\n\t\t<\/div>\n\t\t\t\t\t\t<\/div>\n\t\t\t\t<\/div>\n\t\t\t\t<div class=\"elementor-element elementor-element-5c317c9 elementor-widget elementor-widget-heading\" data-id=\"5c317c9\" data-element_type=\"widget\" data-widget_type=\"heading.default\">\n\t\t\t\t<div class=\"elementor-widget-container\">\n\t\t\t\t\t<h2 class=\"elementor-heading-title elementor-size-default\">Politicas de Privacidade<\/h2>\t\t\t\t<\/div>\n\t\t\t\t<\/div>\n\t\t\t\t<div class=\"elementor-element elementor-element-f680a86 elementor-widget elementor-widget-heading\" data-id=\"f680a86\" data-element_type=\"widget\" data-widget_type=\"heading.default\">\n\t\t\t\t<div class=\"elementor-widget-container\">\n\t\t\t\t\t<span class=\"elementor-heading-title elementor-size-default\">FLY CONNECT VIRTUAL<\/span>\t\t\t\t<\/div>\n\t\t\t\t<\/div>\n\t\t\t\t\t<\/div>\n\t\t<\/div>\n\t\t\t\t\t<\/div>\n\t\t<\/section>\n\t\t\t\t<section class=\"elementor-section elementor-top-section elementor-element elementor-element-6522030e elementor-section-boxed elementor-section-height-default elementor-section-height-default\" data-id=\"6522030e\" data-element_type=\"section\">\n\t\t\t\t\t\t<div class=\"elementor-container elementor-column-gap-default\">\n\t\t\t\t\t<div class=\"elementor-column elementor-col-100 elementor-top-column elementor-element elementor-element-141c3e7d\" data-id=\"141c3e7d\" data-element_type=\"column\">\n\t\t\t<div class=\"elementor-widget-wrap elementor-element-populated\">\n\t\t\t\t\t\t<div class=\"elementor-element elementor-element-7d042b81 elementor-widget elementor-widget-text-editor\" data-id=\"7d042b81\" data-element_type=\"widget\" data-widget_type=\"text-editor.default\">\n\t\t\t\t<div class=\"elementor-widget-container\">\n\t\t\t\t\t\t\t\t\t\n<p>O que fazemos com suas informa\u00e7\u00f5es?<br \/><br \/><\/p>\n<p><strong>Cookies<\/strong><\/p>\n<p>Se voc\u00ea registrar como piloto em nosso site, poder\u00e1 optar por salvar seu nome, endere\u00e7o de email e site em cookies. Estes s\u00e3o para sua conveni\u00eancia, para que voc\u00ea n\u00e3o precise preencher seus dados novamente quando entrar no nosso DOV. Esses cookies duram um ano.<\/p>\n<p><strong>Links<\/strong>\u00a0<br \/><br \/>Ao abrir um link do nosso site, talvez ele te direcione para fora do site. N\u00e3o somos respons\u00e1veis pelas pr\u00e1ticas de privacidades desses sites e insistimos para que leia cuidadosamente suas pol\u00edticas de privacidade.\u00a0<br \/><br \/><\/p>\n<p><strong>Seguran\u00e7a<\/strong>\u00a0<br \/><br \/>Com o objetivo de proteger a sua informa\u00e7\u00e3o pessoal, nossa equipe toma precau\u00e7\u00f5es e utiliza as melhores pr\u00e1ticas de seguran\u00e7a do mercado. Dessa maneira, nos asseguramos que sua informa\u00e7\u00e3o n\u00e3o seja perdida, caia em m\u00e3os equivocadas, se publique, seja adulterada ou destru\u00edda.\u00a0<br \/><br \/><\/p>\n<p>Se voc\u00ea nos fornece informa\u00e7\u00e3o sobre o seu cart\u00e3o de cr\u00e9dito, a mesma ser\u00e1 encriptada utilizando tecnologia secure socket layer (SSL) e AES-256. Cumprimos com todos os requerimentos PCI-DSS. Por favor, leia os Termos e Condi\u00e7\u00f5es para os meios de pagamento respectivos j\u00e1 que eles s\u00e3o os respons\u00e1veis por todas as transa\u00e7\u00f5es.\u00a0<br \/><br \/><\/p>\n<p><strong>Idade m\u00ednima<\/strong>\u00a0<br \/><br \/>Ao ingressar nesse site, se presume que voc\u00ea possui no m\u00ednimo a idade de 16 anos..\u00a0<br \/><br \/><\/p>\n<p><strong>Mudan\u00e7as nas Pol\u00edticas de Privacidade<\/strong>\u00a0<br \/><br \/>A empresa se reserva o direito de modificar suas pol\u00edticas a qualquer momento. Recomendamos que as revise regularmente. As mudan\u00e7as ser\u00e3o efetivas desde o primeiro momento que se publiquem no nosso site.\u00a0<br \/><br \/><\/p>\n<p>Caso tenha qualquer d\u00favida, entre em contato conosco no flyconnectva@gmail.com<\/p>\n\t\t\t\t\t\t\t\t<\/div>\n\t\t\t\t<\/div>\n\t\t\t\t\t<\/div>\n\t\t<\/div>\n\t\t\t\t\t<\/div>\n\t\t<\/section>\n\t\t\t\t<\/div>","protected":false},"excerpt":{"rendered":"<p>Politicas de Privacidade FLY CONNECT VIRTUAL O que fazemos com suas informa\u00e7\u00f5es? Cookies Se voc\u00ea registrar como piloto em nosso site, poder\u00e1 optar por salvar seu nome, endere\u00e7o de email e site em cookies. Estes s\u00e3o para sua conveni\u00eancia, para que voc\u00ea n\u00e3o precise preencher seus dados novamente quando entrar no nosso DOV. Esses cookies&hellip;&nbsp;<a href=\"https:\/\/flyconnect.com.br\/en\/politicas-de-privacidade\/\" rel=\"bookmark\">Read More &raquo;<span class=\"screen-reader-text\">Politicas de Privacidade<\/span><\/a><\/p>","protected":false},"author":1,"featured_media":0,"parent":0,"menu_order":0,"comment_status":"closed","ping_status":"closed","template":"","meta":{"neve_meta_sidebar":"","neve_meta_container":"","neve_meta_enable_content_width":"off","neve_meta_content_width":0,"neve_meta_title_alignment":"","neve_meta_author_avatar":"","neve_post_elements_order":"","neve_meta_disable_header":"","neve_meta_disable_footer":"","neve_meta_disable_title":"on","footnotes":""},"class_list":["post-3","page","type-page","status-publish","hentry"],"_links":{"self":[{"href":"https:\/\/flyconnect.com.br\/en\/wp-json\/wp\/v2\/pages\/3","targetHints":{"allow":["GET"]}}],"collection":[{"href":"https:\/\/flyconnect.com.br\/en\/wp-json\/wp\/v2\/pages"}],"about":[{"href":"https:\/\/flyconnect.com.br\/en\/wp-json\/wp\/v2\/types\/page"}],"author":[{"embeddable":true,"href":"https:\/\/flyconnect.com.br\/en\/wp-json\/wp\/v2\/users\/1"}],"replies":[{"embeddable":true,"href":"https:\/\/flyconnect.com.br\/en\/wp-json\/wp\/v2\/comments?post=3"}],"version-history":[{"count":7,"href":"https:\/\/flyconnect.com.br\/en\/wp-json\/wp\/v2\/pages\/3\/revisions"}],"predecessor-version":[{"id":1818,"href":"https:\/\/flyconnect.com.br\/en\/wp-json\/wp\/v2\/pages\/3\/revisions\/1818"}],"wp:attachment":[{"href":"https:\/\/flyconnect.com.br\/en\/wp-json\/wp\/v2\/media?parent=3"}],"curies":[{"name":"wp","href":"https:\/\/api.w.org\/{rel}","templated":true}]}}